{"id":15261,"date":"2020-10-19T14:23:58","date_gmt":"2020-10-19T12:23:58","guid":{"rendered":"https:\/\/staging.salonenautico.venezia.it\/dichiarazione-di-intenti-e-valori\/"},"modified":"2025-09-23T14:26:39","modified_gmt":"2025-09-23T12:26:39","slug":"declaration-of-intent-and-values","status":"publish","type":"page","link":"https:\/\/salonenautico.venezia.it\/en\/declaration-of-intent-and-values\/","title":{"rendered":"Declaration of intent and values"},"content":{"rendered":"<p>Ve.La S.p.A. s\u00ec impegner\u00e0 affinch\u00e9 gli eventi che cura durante l\u2019anno e che si svolgono nella citt\u00e0 di Venezia, abbiano dal punto di vista sociale, economico, ambientale e di salute e sicurezza sul lavoro un sempre maggiore impatto positivo.<\/p>\n<p>L\u2019introduzione di un sistema di gestione sostenibile degli eventi (secondo norma ISO 20121: 2012) rappresenta una opportunit\u00e0 per Ve.La, di sensibilizzare, non solo la citt\u00e0, ma tutte le persone che prendono parte all\u2019organizzazione delle varie manifestazioni, sul tema dello sviluppo sostenibile.<\/p>\n<p>In quest\u2019ottica Ve.La. S.p.a. si impegna a:<\/p>\n<ul>\n<li>Rispettare i principi fondamentali dello sviluppo sostenibile;<\/li>\n<li>Gestire ciascun evento con il massimo coinvolgimento verso tutti gli attori partecipanti, integrit\u00e0 e trasparenza;<\/li>\n<li>Sensibilizzare i partecipanti all\u2019evento in tema di sostenibilit\u00e0 ambientale, economica e sociale;<\/li>\n<li>Garantire il rispetto delle norme vigenti in materia di ambiente, salute e sicurezza nei luoghi di lavoro;<\/li>\n<li>Coinvolgere gli stakeholder nella stessa ottica di valorizzazione del territorio con una partecipazione Sostenibile durante gli eventi garantendo agli stessi una efficace comunicazione dei propri principi;<\/li>\n<li>Promuovere una strategia vincente nell\u2019ottica di riduzione della produzione di rifiuti;<\/li>\n<li>Gestire al meglio le risorse naturali;<\/li>\n<li>Promuovere l\u2019economia e l\u2019occupazione locale.<\/li>\n<\/ul>\n<p>Tali principi sono necessariamente ripresi per ciascun Evento gestito in modo Sostenibile attraverso una Politica che, di volta in volta, verr\u00e0 definita e sottoscritta.<\/p>\n","protected":false},"excerpt":{"rendered":"<p>Ve.La S.p.A. s\u00ec impegner\u00e0 affinch\u00e9 gli eventi che cura durante l\u2019anno e che si svolgono nella citt\u00e0 di Venezia, abbiano dal punto di vista sociale, economico, ambientale e di salute e sicurezza sul lavoro un sempre maggiore impatto positivo. L\u2019introduzione di un sistema di gestione sostenibile degli eventi (secondo norma ISO 20121: 2012) rappresenta una [&hellip;]<\/p>\n","protected":false},"author":2,"featured_media":0,"parent":0,"menu_order":100,"comment_status":"closed","ping_status":"closed","template":"tmpl_flex.php","meta":{"footnotes":""},"acf":[],"_links":{"self":[{"href":"https:\/\/salonenautico.venezia.it\/en\/wp-json\/wp\/v2\/pages\/15261"}],"collection":[{"href":"https:\/\/salonenautico.venezia.it\/en\/wp-json\/wp\/v2\/pages"}],"about":[{"href":"https:\/\/salonenautico.venezia.it\/en\/wp-json\/wp\/v2\/types\/page"}],"author":[{"embeddable":true,"href":"https:\/\/salonenautico.venezia.it\/en\/wp-json\/wp\/v2\/users\/2"}],"replies":[{"embeddable":true,"href":"https:\/\/salonenautico.venezia.it\/en\/wp-json\/wp\/v2\/comments?post=15261"}],"version-history":[{"count":1,"href":"https:\/\/salonenautico.venezia.it\/en\/wp-json\/wp\/v2\/pages\/15261\/revisions"}],"predecessor-version":[{"id":19290,"href":"https:\/\/salonenautico.venezia.it\/en\/wp-json\/wp\/v2\/pages\/15261\/revisions\/19290"}],"wp:attachment":[{"href":"https:\/\/salonenautico.venezia.it\/en\/wp-json\/wp\/v2\/media?parent=15261"}],"curies":[{"name":"wp","href":"https:\/\/api.w.org\/{rel}","templated":true}]}}